{"id":132,"date":"2025-10-15T14:34:41","date_gmt":"2025-10-15T14:34:41","guid":{"rendered":"https:\/\/thedeskgame.com\/?page_id=132"},"modified":"2026-03-26T16:44:52","modified_gmt":"2026-03-26T16:44:52","slug":"about","status":"publish","type":"page","link":"https:\/\/thedeskgame.com\/es\/about\/","title":{"rendered":"Sobre nosotros \u2013 El juego de escritorio"},"content":{"rendered":"<!--advertisement--><div class=\"mx-5 sm:mx-0 sm:text-3xl text-2xl font-medium title-font mb-4 text-gray-900 text-left\">\n<h3 class=\"wp-block-heading\">\u00a1Bienvenido a The Desk Game!<\/h3>\n<\/div><div class=\"mx-5 sm:mx-0 prose leading-relaxed text-lg mb-5 text-left wp-paragraph\">\n<p>At The Desk Game, we believe technology should be accessible, engaging, and easy to understand. Our mission is to help readers explore the world of mobile apps, digital tools, games, and everyday tech with clarity and confidence.<\/p>\n<\/div><div class=\"mx-5 sm:mx-0 prose leading-relaxed text-lg mb-5 text-left wp-paragraph\">\n<p>Nuestro blog se dedica a ofrecer informaci\u00f3n pr\u00e1ctica y recomendaciones inteligentes en categor\u00edas como productividad, entretenimiento, aprendizaje y optimizaci\u00f3n de dispositivos. Tanto si eres un usuario ocasional que busca consejos sobre apps como un lector experto en tecnolog\u00eda que explora las tendencias emergentes, nuestro contenido est\u00e1 dise\u00f1ado para ayudarte en tu transici\u00f3n digital.<\/p>\n<\/div><!--advertisement--><div class=\"mx-5 sm:mx-0 sm:text-3xl text-2xl font-medium title-font mb-4 text-gray-900 text-left\">\n<h3 class=\"wp-block-heading\">Nuestra misi\u00f3n<\/h3>\n<\/div><div class=\"mx-5 sm:mx-0 prose leading-relaxed text-lg mb-5 text-left wp-paragraph\">\n<p>The Desk Game se cre\u00f3 para desmitificar el ecosistema de las apps. Desde rese\u00f1as de apps y gu\u00edas de uso hasta listas de apps seleccionadas y consejos de privacidad, buscamos brindar a los usuarios el contexto que necesitan para tomar mejores decisiones tecnol\u00f3gicas. Sin tecnicismos ni exageraciones. Solo contenido claro, conciso y \u00fatil.<\/p>\n<\/div><div class=\"mx-5 sm:mx-0 prose leading-relaxed text-lg mb-5 text-left wp-paragraph\">\n<p>The Desk Game es una plataforma de contenido puramente informativo. No vendemos aplicaciones ni operamos con anuncios patrocinados. Todas las opiniones son editoriales y se elaboran de forma independiente para garantizar la confianza y la transparencia.<\/p>\n<\/div><!--advertisement--><div class=\"mx-5 sm:mx-0 sm:text-3xl text-2xl font-medium title-font mb-4 text-gray-900 text-left\">\n<h3 class=\"wp-block-heading\">\u00danase a nosotros<\/h3>\n<\/div><div class=\"mx-5 sm:mx-0 prose leading-relaxed text-lg mb-5 text-left wp-paragraph\">\n<p>Le invitamos a explorar nuestra creciente biblioteca de art\u00edculos, mantenerse informado a trav\u00e9s de nuestras \u00faltimas actualizaciones y aprovechar al m\u00e1ximo sus experiencias m\u00f3viles y digitales.<\/p>\n<\/div><div class=\"mx-5 sm:mx-0 prose leading-relaxed text-lg mb-5 text-left wp-paragraph\">\n<p>Gracias por visitar The Desk Game. Nos alegra que est\u00e9s aqu\u00ed.<\/p>\n<\/div>","protected":false},"excerpt":{"rendered":"<p>Welcome to The Desk Game! At The Desk Game, we believe technology should be accessible, engaging, and easy to understand. Our mission is to help readers explore the world of mobile apps, digital tools, games, and everyday tech with clarity and confidence. Our blog is dedicated to delivering practical insights and smart recommendations across categories&hellip; <a class=\"more-link\" href=\"https:\/\/thedeskgame.com\/es\/about\/\">Contin\u00faa leyendo <span class=\"screen-reader-text\">Sobre nosotros \u2013 El juego de escritorio<\/span><\/a><\/p>","protected":false},"author":17,"featured_media":0,"parent":0,"menu_order":0,"comment_status":"closed","ping_status":"closed","template":"","meta":{"footnotes":""},"yoast_head":"<!-- This site is optimized with the Yoast SEO plugin v23.3 - https:\/\/yoast.com\/wordpress\/plugins\/seo\/ -->\n<title>About Us \u2013 The Desk Game - The Desk Game<\/title>\n<meta name=\"robots\" content=\"index, follow, max-snippet:-1, max-image-preview:large, max-video-preview:-1\" \/>\n<link rel=\"canonical\" href=\"https:\/\/thedeskgame.com\/es\/about\/\" \/>\n<meta property=\"og:locale\" content=\"es_MX\" \/>\n<meta property=\"og:type\" content=\"article\" \/>\n<meta property=\"og:title\" content=\"About Us \u2013 The Desk Game - The Desk Game\" \/>\n<meta property=\"og:description\" content=\"Welcome to The Desk Game! At The Desk Game, we believe technology should be accessible, engaging, and easy to understand. Our mission is to help readers explore the world of mobile apps, digital tools, games, and everyday tech with clarity and confidence. Our blog is dedicated to delivering practical insights and smart recommendations across categories&hellip; Continue reading About Us \u2013 The Desk Game\" \/>\n<meta property=\"og:url\" content=\"https:\/\/thedeskgame.com\/es\/about\/\" \/>\n<meta property=\"og:site_name\" content=\"The Desk Game\" \/>\n<meta property=\"article:modified_time\" content=\"2026-03-26T16:44:52+00:00\" \/>\n<meta name=\"twitter:card\" content=\"summary_large_image\" \/>\n<meta name=\"twitter:label1\" content=\"Est. reading time\" \/>\n\t<meta name=\"twitter:data1\" content=\"1 minuto\" \/>\n<script type=\"application\/ld+json\" class=\"yoast-schema-graph\">{\"@context\":\"https:\/\/schema.org\",\"@graph\":[{\"@type\":\"WebPage\",\"@id\":\"https:\/\/thedeskgame.com\/about\/\",\"url\":\"https:\/\/thedeskgame.com\/about\/\",\"name\":\"About Us \u2013 The Desk Game - The Desk Game\",\"isPartOf\":{\"@id\":\"https:\/\/thedeskgame.com\/#website\"},\"datePublished\":\"2025-10-15T14:34:41+00:00\",\"dateModified\":\"2026-03-26T16:44:52+00:00\",\"breadcrumb\":{\"@id\":\"https:\/\/thedeskgame.com\/about\/#breadcrumb\"},\"inLanguage\":\"es-MX\",\"potentialAction\":[{\"@type\":\"ReadAction\",\"target\":[\"https:\/\/thedeskgame.com\/about\/\"]}]},{\"@type\":\"BreadcrumbList\",\"@id\":\"https:\/\/thedeskgame.com\/about\/#breadcrumb\",\"itemListElement\":[{\"@type\":\"ListItem\",\"position\":1,\"name\":\"Home\",\"item\":\"https:\/\/thedeskgame.com\/\"},{\"@type\":\"ListItem\",\"position\":2,\"name\":\"About Us \u2013 The Desk Game\"}]},{\"@type\":\"WebSite\",\"@id\":\"https:\/\/thedeskgame.com\/#website\",\"url\":\"https:\/\/thedeskgame.com\/\",\"name\":\"The Desk Game\",\"description\":\"\",\"potentialAction\":[{\"@type\":\"SearchAction\",\"target\":{\"@type\":\"EntryPoint\",\"urlTemplate\":\"https:\/\/thedeskgame.com\/?s={search_term_string}\"},\"query-input\":\"required name=search_term_string\"}],\"inLanguage\":\"es-MX\"}]}<\/script>\n<!-- \/ Yoast SEO plugin. -->","yoast_head_json":{"title":"About Us \u2013 The Desk Game - The Desk Game","robots":{"index":"index","follow":"follow","max-snippet":"max-snippet:-1","max-image-preview":"max-image-preview:large","max-video-preview":"max-video-preview:-1"},"canonical":"https:\/\/thedeskgame.com\/es\/about\/","og_locale":"es_MX","og_type":"article","og_title":"About Us \u2013 The Desk Game - The Desk Game","og_description":"Welcome to The Desk Game! At The Desk Game, we believe technology should be accessible, engaging, and easy to understand. Our mission is to help readers explore the world of mobile apps, digital tools, games, and everyday tech with clarity and confidence. Our blog is dedicated to delivering practical insights and smart recommendations across categories&hellip; Continue reading About Us \u2013 The Desk Game","og_url":"https:\/\/thedeskgame.com\/es\/about\/","og_site_name":"The Desk Game","article_modified_time":"2026-03-26T16:44:52+00:00","twitter_card":"summary_large_image","twitter_misc":{"Est. reading time":"1 minuto"},"schema":{"@context":"https:\/\/schema.org","@graph":[{"@type":"WebPage","@id":"https:\/\/thedeskgame.com\/about\/","url":"https:\/\/thedeskgame.com\/about\/","name":"About Us \u2013 The Desk Game - The Desk Game","isPartOf":{"@id":"https:\/\/thedeskgame.com\/#website"},"datePublished":"2025-10-15T14:34:41+00:00","dateModified":"2026-03-26T16:44:52+00:00","breadcrumb":{"@id":"https:\/\/thedeskgame.com\/about\/#breadcrumb"},"inLanguage":"es-MX","potentialAction":[{"@type":"ReadAction","target":["https:\/\/thedeskgame.com\/about\/"]}]},{"@type":"BreadcrumbList","@id":"https:\/\/thedeskgame.com\/about\/#breadcrumb","itemListElement":[{"@type":"ListItem","position":1,"name":"Home","item":"https:\/\/thedeskgame.com\/"},{"@type":"ListItem","position":2,"name":"About Us \u2013 The Desk Game"}]},{"@type":"WebSite","@id":"https:\/\/thedeskgame.com\/#website","url":"https:\/\/thedeskgame.com\/","name":"The Desk Game","description":"","potentialAction":[{"@type":"SearchAction","target":{"@type":"EntryPoint","urlTemplate":"https:\/\/thedeskgame.com\/?s={search_term_string}"},"query-input":"required name=search_term_string"}],"inLanguage":"es-MX"}]}},"_links":{"self":[{"href":"https:\/\/thedeskgame.com\/es\/wp-json\/wp\/v2\/pages\/132"}],"collection":[{"href":"https:\/\/thedeskgame.com\/es\/wp-json\/wp\/v2\/pages"}],"about":[{"href":"https:\/\/thedeskgame.com\/es\/wp-json\/wp\/v2\/types\/page"}],"author":[{"embeddable":true,"href":"https:\/\/thedeskgame.com\/es\/wp-json\/wp\/v2\/users\/17"}],"replies":[{"embeddable":true,"href":"https:\/\/thedeskgame.com\/es\/wp-json\/wp\/v2\/comments?post=132"}],"version-history":[{"count":3,"href":"https:\/\/thedeskgame.com\/es\/wp-json\/wp\/v2\/pages\/132\/revisions"}],"predecessor-version":[{"id":391,"href":"https:\/\/thedeskgame.com\/es\/wp-json\/wp\/v2\/pages\/132\/revisions\/391"}],"wp:attachment":[{"href":"https:\/\/thedeskgame.com\/es\/wp-json\/wp\/v2\/media?parent=132"}],"curies":[{"name":"wp","href":"https:\/\/api.w.org\/{rel}","templated":true}]}}