{"id":132,"date":"2025-10-15T14:34:41","date_gmt":"2025-10-15T14:34:41","guid":{"rendered":"https:\/\/thedeskgame.com\/?page_id=132"},"modified":"2026-03-26T16:44:52","modified_gmt":"2026-03-26T16:44:52","slug":"about","status":"publish","type":"page","link":"https:\/\/thedeskgame.com\/fr\/about\/","title":{"rendered":"\u00c0 propos de nous \u2013 Le jeu du bureau"},"content":{"rendered":"<!--advertisement--><div class=\"mx-5 sm:mx-0 sm:text-3xl text-2xl font-medium title-font mb-4 text-gray-900 text-left\">\n<h3 class=\"wp-block-heading\">Bienvenue dans The Desk Game !<\/h3>\n<\/div><div class=\"mx-5 sm:mx-0 prose leading-relaxed text-lg mb-5 text-left wp-paragraph\">\n<p>Chez The Desk Game, nous pensons que la technologie doit \u00eatre accessible, attrayante et facile \u00e0 comprendre. Notre mission est d&#039;aider nos lecteurs \u00e0 explorer l&#039;univers des applications mobiles, des outils num\u00e9riques, des jeux et des technologies du quotidien avec clart\u00e9 et assurance.<\/p>\n<\/div><div class=\"mx-5 sm:mx-0 prose leading-relaxed text-lg mb-5 text-left wp-paragraph\">\n<p>Notre blog a pour vocation de vous fournir des conseils pratiques et des recommandations pertinentes dans des domaines tels que la productivit\u00e9, le divertissement, l&#039;apprentissage et l&#039;optimisation de vos appareils. Que vous soyez un utilisateur occasionnel \u00e0 la recherche d&#039;astuces sur les applications ou un lecteur averti explorant les nouvelles tendances, notre contenu est con\u00e7u pour vous accompagner dans votre parcours num\u00e9rique.<\/p>\n<\/div><!--advertisement--><div class=\"mx-5 sm:mx-0 sm:text-3xl text-2xl font-medium title-font mb-4 text-gray-900 text-left\">\n<h3 class=\"wp-block-heading\">Notre mission<\/h3>\n<\/div><div class=\"mx-5 sm:mx-0 prose leading-relaxed text-lg mb-5 text-left wp-paragraph\">\n<p>The Desk Game a \u00e9t\u00e9 cr\u00e9\u00e9 pour d\u00e9mystifier l&#039;\u00e9cosyst\u00e8me des applications. Des tests d&#039;applications aux guides d&#039;utilisation, en passant par des listes d&#039;applications recommand\u00e9es et des conseils de confidentialit\u00e9, notre objectif est de fournir aux utilisateurs les informations n\u00e9cessaires pour faire de meilleurs choix technologiques. Pas de jargon. Pas de promesses en l&#039;air. Juste du contenu clair, concis et utile.<\/p>\n<\/div><div class=\"mx-5 sm:mx-0 prose leading-relaxed text-lg mb-5 text-left wp-paragraph\">\n<p>The Desk Game est une plateforme de contenu purement informative. Nous ne vendons aucune application et n&#039;avons pas de publicit\u00e9 sponsoris\u00e9e. Tous les avis exprim\u00e9s sont \u00e9ditoriaux et produits de mani\u00e8re ind\u00e9pendante afin de garantir la confiance et la transparence.<\/p>\n<\/div><!--advertisement--><div class=\"mx-5 sm:mx-0 sm:text-3xl text-2xl font-medium title-font mb-4 text-gray-900 text-left\">\n<h3 class=\"wp-block-heading\">Rejoignez-nous<\/h3>\n<\/div><div class=\"mx-5 sm:mx-0 prose leading-relaxed text-lg mb-5 text-left wp-paragraph\">\n<p>Nous vous invitons \u00e0 explorer notre biblioth\u00e8que d&#039;articles en constante expansion, \u00e0 rester inform\u00e9 gr\u00e2ce \u00e0 nos derni\u00e8res mises \u00e0 jour et \u00e0 tirer le meilleur parti de vos exp\u00e9riences mobiles et num\u00e9riques.<\/p>\n<\/div><div class=\"mx-5 sm:mx-0 prose leading-relaxed text-lg mb-5 text-left wp-paragraph\">\n<p>Merci d&#039;avoir visit\u00e9 The Desk Game. Nous sommes ravis de votre visite.<\/p>\n<\/div>","protected":false},"excerpt":{"rendered":"<p>Welcome to The Desk Game! At The Desk Game, we believe technology should be accessible, engaging, and easy to understand. Our mission is to help readers explore the world of mobile apps, digital tools, games, and everyday tech with clarity and confidence. Our blog is dedicated to delivering practical insights and smart recommendations across categories&hellip; <a class=\"more-link\" href=\"https:\/\/thedeskgame.com\/fr\/about\/\">Poursuivez votre lecture <span class=\"screen-reader-text\">\u00c0 propos de nous \u2013 Le jeu du bureau<\/span><\/a><\/p>","protected":false},"author":17,"featured_media":0,"parent":0,"menu_order":0,"comment_status":"closed","ping_status":"closed","template":"","meta":{"footnotes":""},"yoast_head":"<!-- This site is optimized with the Yoast SEO plugin v23.3 - https:\/\/yoast.com\/wordpress\/plugins\/seo\/ -->\n<title>About Us \u2013 The Desk Game - The Desk Game<\/title>\n<meta name=\"robots\" content=\"index, follow, max-snippet:-1, max-image-preview:large, max-video-preview:-1\" \/>\n<link rel=\"canonical\" href=\"https:\/\/thedeskgame.com\/fr\/about\/\" \/>\n<meta property=\"og:locale\" content=\"fr_FR\" \/>\n<meta property=\"og:type\" content=\"article\" \/>\n<meta property=\"og:title\" content=\"About Us \u2013 The Desk Game - The Desk Game\" \/>\n<meta property=\"og:description\" content=\"Welcome to The Desk Game! At The Desk Game, we believe technology should be accessible, engaging, and easy to understand. Our mission is to help readers explore the world of mobile apps, digital tools, games, and everyday tech with clarity and confidence. Our blog is dedicated to delivering practical insights and smart recommendations across categories&hellip; Continue reading About Us \u2013 The Desk Game\" \/>\n<meta property=\"og:url\" content=\"https:\/\/thedeskgame.com\/fr\/about\/\" \/>\n<meta property=\"og:site_name\" content=\"The Desk Game\" \/>\n<meta property=\"article:modified_time\" content=\"2026-03-26T16:44:52+00:00\" \/>\n<meta name=\"twitter:card\" content=\"summary_large_image\" \/>\n<meta name=\"twitter:label1\" content=\"Est. reading time\" \/>\n\t<meta name=\"twitter:data1\" content=\"1 minute\" \/>\n<script type=\"application\/ld+json\" class=\"yoast-schema-graph\">{\"@context\":\"https:\/\/schema.org\",\"@graph\":[{\"@type\":\"WebPage\",\"@id\":\"https:\/\/thedeskgame.com\/about\/\",\"url\":\"https:\/\/thedeskgame.com\/about\/\",\"name\":\"About Us \u2013 The Desk Game - The Desk Game\",\"isPartOf\":{\"@id\":\"https:\/\/thedeskgame.com\/#website\"},\"datePublished\":\"2025-10-15T14:34:41+00:00\",\"dateModified\":\"2026-03-26T16:44:52+00:00\",\"breadcrumb\":{\"@id\":\"https:\/\/thedeskgame.com\/about\/#breadcrumb\"},\"inLanguage\":\"fr-FR\",\"potentialAction\":[{\"@type\":\"ReadAction\",\"target\":[\"https:\/\/thedeskgame.com\/about\/\"]}]},{\"@type\":\"BreadcrumbList\",\"@id\":\"https:\/\/thedeskgame.com\/about\/#breadcrumb\",\"itemListElement\":[{\"@type\":\"ListItem\",\"position\":1,\"name\":\"Home\",\"item\":\"https:\/\/thedeskgame.com\/\"},{\"@type\":\"ListItem\",\"position\":2,\"name\":\"About Us \u2013 The Desk Game\"}]},{\"@type\":\"WebSite\",\"@id\":\"https:\/\/thedeskgame.com\/#website\",\"url\":\"https:\/\/thedeskgame.com\/\",\"name\":\"The Desk Game\",\"description\":\"\",\"potentialAction\":[{\"@type\":\"SearchAction\",\"target\":{\"@type\":\"EntryPoint\",\"urlTemplate\":\"https:\/\/thedeskgame.com\/?s={search_term_string}\"},\"query-input\":\"required name=search_term_string\"}],\"inLanguage\":\"fr-FR\"}]}<\/script>\n<!-- \/ Yoast SEO plugin. -->","yoast_head_json":{"title":"About Us \u2013 The Desk Game - The Desk Game","robots":{"index":"index","follow":"follow","max-snippet":"max-snippet:-1","max-image-preview":"max-image-preview:large","max-video-preview":"max-video-preview:-1"},"canonical":"https:\/\/thedeskgame.com\/fr\/about\/","og_locale":"fr_FR","og_type":"article","og_title":"About Us \u2013 The Desk Game - The Desk Game","og_description":"Welcome to The Desk Game! At The Desk Game, we believe technology should be accessible, engaging, and easy to understand. Our mission is to help readers explore the world of mobile apps, digital tools, games, and everyday tech with clarity and confidence. Our blog is dedicated to delivering practical insights and smart recommendations across categories&hellip; Continue reading About Us \u2013 The Desk Game","og_url":"https:\/\/thedeskgame.com\/fr\/about\/","og_site_name":"The Desk Game","article_modified_time":"2026-03-26T16:44:52+00:00","twitter_card":"summary_large_image","twitter_misc":{"Est. reading time":"1 minute"},"schema":{"@context":"https:\/\/schema.org","@graph":[{"@type":"WebPage","@id":"https:\/\/thedeskgame.com\/about\/","url":"https:\/\/thedeskgame.com\/about\/","name":"About Us \u2013 The Desk Game - The Desk Game","isPartOf":{"@id":"https:\/\/thedeskgame.com\/#website"},"datePublished":"2025-10-15T14:34:41+00:00","dateModified":"2026-03-26T16:44:52+00:00","breadcrumb":{"@id":"https:\/\/thedeskgame.com\/about\/#breadcrumb"},"inLanguage":"fr-FR","potentialAction":[{"@type":"ReadAction","target":["https:\/\/thedeskgame.com\/about\/"]}]},{"@type":"BreadcrumbList","@id":"https:\/\/thedeskgame.com\/about\/#breadcrumb","itemListElement":[{"@type":"ListItem","position":1,"name":"Home","item":"https:\/\/thedeskgame.com\/"},{"@type":"ListItem","position":2,"name":"About Us \u2013 The Desk Game"}]},{"@type":"WebSite","@id":"https:\/\/thedeskgame.com\/#website","url":"https:\/\/thedeskgame.com\/","name":"The Desk Game","description":"","potentialAction":[{"@type":"SearchAction","target":{"@type":"EntryPoint","urlTemplate":"https:\/\/thedeskgame.com\/?s={search_term_string}"},"query-input":"required name=search_term_string"}],"inLanguage":"fr-FR"}]}},"_links":{"self":[{"href":"https:\/\/thedeskgame.com\/fr\/wp-json\/wp\/v2\/pages\/132"}],"collection":[{"href":"https:\/\/thedeskgame.com\/fr\/wp-json\/wp\/v2\/pages"}],"about":[{"href":"https:\/\/thedeskgame.com\/fr\/wp-json\/wp\/v2\/types\/page"}],"author":[{"embeddable":true,"href":"https:\/\/thedeskgame.com\/fr\/wp-json\/wp\/v2\/users\/17"}],"replies":[{"embeddable":true,"href":"https:\/\/thedeskgame.com\/fr\/wp-json\/wp\/v2\/comments?post=132"}],"version-history":[{"count":3,"href":"https:\/\/thedeskgame.com\/fr\/wp-json\/wp\/v2\/pages\/132\/revisions"}],"predecessor-version":[{"id":391,"href":"https:\/\/thedeskgame.com\/fr\/wp-json\/wp\/v2\/pages\/132\/revisions\/391"}],"wp:attachment":[{"href":"https:\/\/thedeskgame.com\/fr\/wp-json\/wp\/v2\/media?parent=132"}],"curies":[{"name":"wp","href":"https:\/\/api.w.org\/{rel}","templated":true}]}}